{"id":170,"date":"2021-05-25T18:58:38","date_gmt":"2021-05-25T18:58:38","guid":{"rendered":"https:\/\/qazan.cloud\/?page_id=170"},"modified":"2023-07-28T22:45:56","modified_gmt":"2023-07-28T22:45:56","slug":"quienes-somos","status":"publish","type":"page","link":"https:\/\/qazan.cloud\/index.php\/quienes-somos\/","title":{"rendered":"\u00bfQuienes Somos?"},"content":{"rendered":"\t\t<div data-elementor-type=\"wp-page\" data-elementor-id=\"170\" class=\"elementor elementor-170\" data-elementor-post-type=\"page\">\n\t\t\t\t\t\t<div class=\"elementor-inner\">\n\t\t\t\t<div class=\"elementor-section-wrap\">\n\t\t\t\t\t\t\t\t\t<section class=\"elementor-section elementor-top-section elementor-element elementor-element-0069b8b elementor-section-boxed elementor-section-height-default elementor-section-height-default\" data-id=\"0069b8b\" data-element_type=\"section\">\n\t\t\t\t\t\t<div class=\"elementor-container elementor-column-gap-default\">\n\t\t\t\t\t\t\t<div class=\"elementor-row\">\n\t\t\t\t\t<div class=\"elementor-column elementor-col-100 elementor-top-column elementor-element elementor-element-6b93250\" data-id=\"6b93250\" data-element_type=\"column\">\n\t\t\t<div class=\"elementor-column-wrap elementor-element-populated\">\n\t\t\t\t\t\t\t<div class=\"elementor-widget-wrap\">\n\t\t\t\t\t\t<div class=\"elementor-element elementor-element-7017207 elementor-invisible elementor-widget elementor-widget-heading\" data-id=\"7017207\" data-element_type=\"widget\" data-settings=\"{&quot;_animation&quot;:&quot;fadeInDown&quot;}\" data-widget_type=\"heading.default\">\n\t\t\t\t<div class=\"elementor-widget-container\">\n\t\t\t<h1 class=\"elementor-heading-title elementor-size-default\">Sobre Nosotros<\/h1>\t\t<\/div>\n\t\t\t\t<\/div>\n\t\t\t\t<div class=\"elementor-element elementor-element-c7f36aa elementor-invisible elementor-widget elementor-widget-image\" data-id=\"c7f36aa\" data-element_type=\"widget\" data-settings=\"{&quot;_animation&quot;:&quot;zoomIn&quot;,&quot;_animation_delay&quot;:0}\" data-widget_type=\"image.default\">\n\t\t\t\t<div class=\"elementor-widget-container\">\n\t\t\t\t\t\t\t\t<div class=\"elementor-image\">\n\t\t\t\t\t\t\t\t\t\t\t\t<img loading=\"lazy\" decoding=\"async\" width=\"640\" height=\"480\" src=\"https:\/\/qazan.cloud\/wp-content\/uploads\/2021\/05\/avi-richards-z3ownetsdnq-unsplash-768x576.jpg\" class=\"attachment-medium_large size-medium_large wp-image-196\" alt=\"\" srcset=\"https:\/\/qazan.cloud\/wp-content\/uploads\/2021\/05\/avi-richards-z3ownetsdnq-unsplash-768x576.jpg 768w, https:\/\/qazan.cloud\/wp-content\/uploads\/2021\/05\/avi-richards-z3ownetsdnq-unsplash-scaled-300x225.jpg 300w, https:\/\/qazan.cloud\/wp-content\/uploads\/2021\/05\/avi-richards-z3ownetsdnq-unsplash-scaled-1024x768.jpg 1024w, https:\/\/qazan.cloud\/wp-content\/uploads\/2021\/05\/avi-richards-z3ownetsdnq-unsplash-1536x1152.jpg 1536w, https:\/\/qazan.cloud\/wp-content\/uploads\/2021\/05\/avi-richards-z3ownetsdnq-unsplash-2048x1536.jpg 2048w\" sizes=\"auto, (max-width: 640px) 100vw, 640px\" \/>\t\t\t\t\t\t\t\t\t\t\t\t\t\t<\/div>\n\t\t\t\t\t\t<\/div>\n\t\t\t\t<\/div>\n\t\t\t\t<div class=\"elementor-element elementor-element-feab452 elementor-invisible elementor-widget elementor-widget-text-editor\" data-id=\"feab452\" data-element_type=\"widget\" data-settings=\"{&quot;_animation&quot;:&quot;fadeInUp&quot;,&quot;_animation_delay&quot;:0}\" data-widget_type=\"text-editor.default\">\n\t\t\t\t<div class=\"elementor-widget-container\">\n\t\t\t\t\t\t\t\t<div class=\"elementor-text-editor elementor-clearfix\">\n\t\t\t\t<div class=\"flex-1 overflow-hidden\"><div class=\"react-scroll-to-bottom--css-jivrl-79elbk h-full dark:bg-gray-800\"><div class=\"react-scroll-to-bottom--css-jivrl-1n7m0yu\"><div class=\"flex flex-col text-sm dark:bg-gray-800\"><div class=\"group w-full text-gray-800 dark:text-gray-100 border-b border-black\/10 dark:border-gray-900\/50 bg-gray-50 dark:bg-[#444654]\"><div class=\"flex p-4 gap-4 text-base md:gap-6 md:max-w-2xl lg:max-w-[38rem] xl:max-w-3xl md:py-6 lg:px-0 m-auto\"><div class=\"relative flex w-[calc(100%-50px)] flex-col gap-1 md:gap-3 lg:w-[calc(100%-115px)]\"><div class=\"flex flex-grow flex-col gap-3\"><div class=\"min-h-[20px] flex items-start overflow-x-auto whitespace-pre-wrap break-words flex-col gap-4\"><div class=\"markdown prose w-full break-words dark:prose-invert light\"><p>\u00a1Bienvenidos a nuestra p\u00e1gina web! Somos un d\u00fao de expertos con una pasi\u00f3n compartida por las soluciones de tecnolog\u00eda innovadoras. Con m\u00e1s de una d\u00e9cada de experiencia en el campo de la Tecnolog\u00eda de la Informaci\u00f3n (TI), hemos estado trabajando como t\u00e9cnicos y administradores de sistemas, dedic\u00e1ndonos a perfeccionar nuestras habilidades y ampliar nuestro conocimiento.<\/p><p>Ambos comenzamos nuestra carrera en roles t\u00e9cnicos, donde aprendimos a construir, solucionar problemas y mantener infraestructuras de TI. A medida que adquir\u00edamos m\u00e1s experiencia y habilidades, ascendimos a roles de administraci\u00f3n de sistemas, donde pudimos aplicar una visi\u00f3n m\u00e1s estrat\u00e9gica a los problemas de TI y empezamos a desarrollar soluciones m\u00e1s integrales.<\/p><p>\u00a0<\/p><p>Nuestra experiencia y capacidad para abordar problemas complejos de TI nos diferencian. Hemos trabajado con una variedad de sistemas y tecnolog\u00edas, y estamos orgullosos de nuestra habilidad para adaptarnos a los cambios r\u00e1pidos en este campo din\u00e1mico. Nuestro enfoque de colaboraci\u00f3n y el compromiso con la excelencia garantizan que proporcionamos soluciones que satisfacen las necesidades de nuestros clientes al m\u00e1ximo.<\/p><p>\u00a0<\/p><p>Nos apasiona ayudar a las empresas a desbloquear su potencial a trav\u00e9s de la tecnolog\u00eda. Creemos que un buen sistema de TI puede hacer m\u00e1s que mantener a una empresa funcionando; puede impulsarla hacia nuevos niveles de eficiencia y \u00e9xito. Nuestra meta es proporcionar servicios de TI que se alineen con tus objetivos de negocio, mejorando la productividad y la eficiencia al tiempo que minimizamos los problemas y las interrupciones.<\/p><p>Esperamos tener la oportunidad de trabajar contigo y ayudarte a llevar tu empresa al pr\u00f3ximo nivel a trav\u00e9s de soluciones de TI eficientes y efectivas. No dudes en contactarnos para cualquier consulta o informaci\u00f3n adicional que necesites.<\/p><p>\u00a0<\/p><p>\u00a1Gracias por visitar nuestra p\u00e1gina!<\/p><\/div><\/div><\/div><\/div><\/div><\/div><\/div><\/div><\/div><\/div><div class=\"absolute bottom-0 left-0 w-full border-t md:border-t-0 dark:border-white\/20 md:border-transparent md:dark:border-transparent md:bg-vert-light-gradient bg-white dark:bg-gray-800 md:!bg-transparent dark:md:bg-vert-dark-gradient pt-2 md:pl-2 md:w-[calc(100%-.5rem)]\"><form class=\"stretch mx-2 flex flex-row gap-3 last:mb-2 md:mx-4 md:last:mb-6 lg:mx-auto lg:max-w-2xl xl:max-w-3xl\"><div class=\"relative flex h-full flex-1 items-stretch md:flex-col\" role=\"presentation\"><div>\u00a0<\/div><\/div><\/form><\/div>\t\t\t\t\t<\/div>\n\t\t\t\t\t\t<\/div>\n\t\t\t\t<\/div>\n\t\t\t\t\t\t<\/div>\n\t\t\t\t\t<\/div>\n\t\t<\/div>\n\t\t\t\t\t\t\t\t<\/div>\n\t\t\t\t\t<\/div>\n\t\t<\/section>\n\t\t\t\t\t\t\t\t\t<\/div>\n\t\t\t<\/div>\n\t\t\t\t\t<\/div>\n\t\t","protected":false},"excerpt":{"rendered":"<p>Sobre Nosotros \u00a1Bienvenidos a nuestra p\u00e1gina web! Somos un d\u00fao de expertos con una pasi\u00f3n compartida por las soluciones de tecnolog\u00eda innovadoras. Con m\u00e1s de una d\u00e9cada de experiencia en el campo de la Tecnolog\u00eda de la Informaci\u00f3n (TI), hemos estado trabajando como t\u00e9cnicos y administradores de sistemas, dedic\u00e1ndonos a perfeccionar nuestras habilidades y ampliar [&hellip;]<\/p>\n","protected":false},"author":1,"featured_media":0,"parent":0,"menu_order":0,"comment_status":"closed","ping_status":"closed","template":"elementor_header_footer","meta":{"footnotes":""},"class_list":["post-170","page","type-page","status-publish","hentry"],"_links":{"self":[{"href":"https:\/\/qazan.cloud\/index.php\/wp-json\/wp\/v2\/pages\/170","targetHints":{"allow":["GET"]}}],"collection":[{"href":"https:\/\/qazan.cloud\/index.php\/wp-json\/wp\/v2\/pages"}],"about":[{"href":"https:\/\/qazan.cloud\/index.php\/wp-json\/wp\/v2\/types\/page"}],"author":[{"embeddable":true,"href":"https:\/\/qazan.cloud\/index.php\/wp-json\/wp\/v2\/users\/1"}],"replies":[{"embeddable":true,"href":"https:\/\/qazan.cloud\/index.php\/wp-json\/wp\/v2\/comments?post=170"}],"version-history":[{"count":19,"href":"https:\/\/qazan.cloud\/index.php\/wp-json\/wp\/v2\/pages\/170\/revisions"}],"predecessor-version":[{"id":571,"href":"https:\/\/qazan.cloud\/index.php\/wp-json\/wp\/v2\/pages\/170\/revisions\/571"}],"wp:attachment":[{"href":"https:\/\/qazan.cloud\/index.php\/wp-json\/wp\/v2\/media?parent=170"}],"curies":[{"name":"wp","href":"https:\/\/api.w.org\/{rel}","templated":true}]}}