{"id":226,"date":"2021-05-26T15:49:51","date_gmt":"2021-05-26T15:49:51","guid":{"rendered":"https:\/\/qazan.cloud\/?page_id=226"},"modified":"2023-07-28T19:16:50","modified_gmt":"2023-07-28T19:16:50","slug":"que-es-vps","status":"publish","type":"page","link":"https:\/\/qazan.cloud\/index.php\/que-es-vps\/","title":{"rendered":"\u00bfQu\u00e9 es VPS?"},"content":{"rendered":"\t\t<div data-elementor-type=\"wp-page\" data-elementor-id=\"226\" class=\"elementor elementor-226\" data-elementor-post-type=\"page\">\n\t\t\t\t\t\t<div class=\"elementor-inner\">\n\t\t\t\t<div class=\"elementor-section-wrap\">\n\t\t\t\t\t\t\t\t\t<section class=\"elementor-section elementor-top-section elementor-element elementor-element-2a59b8f elementor-section-boxed elementor-section-height-default elementor-section-height-default\" data-id=\"2a59b8f\" data-element_type=\"section\">\n\t\t\t\t\t\t<div class=\"elementor-container elementor-column-gap-default\">\n\t\t\t\t\t\t\t<div class=\"elementor-row\">\n\t\t\t\t\t<div class=\"elementor-column elementor-col-100 elementor-top-column elementor-element elementor-element-39d7a4d\" data-id=\"39d7a4d\" data-element_type=\"column\">\n\t\t\t<div class=\"elementor-column-wrap elementor-element-populated\">\n\t\t\t\t\t\t\t<div class=\"elementor-widget-wrap\">\n\t\t\t\t\t\t<div class=\"elementor-element elementor-element-dc699c3 elementor-invisible elementor-widget elementor-widget-heading\" data-id=\"dc699c3\" data-element_type=\"widget\" data-settings=\"{&quot;_animation&quot;:&quot;fadeInDown&quot;}\" data-widget_type=\"heading.default\">\n\t\t\t\t<div class=\"elementor-widget-container\">\n\t\t\t<h1 class=\"elementor-heading-title elementor-size-default\">\u00bfQu\u00e9 es VPS?<\/h1>\t\t<\/div>\n\t\t\t\t<\/div>\n\t\t\t\t\t\t<\/div>\n\t\t\t\t\t<\/div>\n\t\t<\/div>\n\t\t\t\t\t\t\t\t<\/div>\n\t\t\t\t\t<\/div>\n\t\t<\/section>\n\t\t\t\t<section class=\"elementor-section elementor-top-section elementor-element elementor-element-674361f elementor-section-boxed elementor-section-height-default elementor-section-height-default\" data-id=\"674361f\" data-element_type=\"section\">\n\t\t\t\t\t\t<div class=\"elementor-container elementor-column-gap-default\">\n\t\t\t\t\t\t\t<div class=\"elementor-row\">\n\t\t\t\t\t<div class=\"elementor-column elementor-col-100 elementor-top-column elementor-element elementor-element-dce505a\" data-id=\"dce505a\" data-element_type=\"column\">\n\t\t\t<div class=\"elementor-column-wrap elementor-element-populated\">\n\t\t\t\t\t\t\t<div class=\"elementor-widget-wrap\">\n\t\t\t\t\t\t<div class=\"elementor-element elementor-element-abe94a2 elementor-invisible elementor-widget elementor-widget-image\" data-id=\"abe94a2\" data-element_type=\"widget\" data-settings=\"{&quot;_animation&quot;:&quot;zoomIn&quot;,&quot;_animation_delay&quot;:0}\" data-widget_type=\"image.default\">\n\t\t\t\t<div class=\"elementor-widget-container\">\n\t\t\t\t\t\t\t\t<div class=\"elementor-image\">\n\t\t\t\t\t\t\t\t\t\t\t\t<img loading=\"lazy\" decoding=\"async\" width=\"640\" height=\"360\" src=\"https:\/\/qazan.cloud\/wp-content\/uploads\/2021\/05\/vps-768x432.jpg\" class=\"attachment-medium_large size-medium_large wp-image-200\" alt=\"\" srcset=\"https:\/\/qazan.cloud\/wp-content\/uploads\/2021\/05\/vps-768x432.jpg 768w, https:\/\/qazan.cloud\/wp-content\/uploads\/2021\/05\/vps-300x169.jpg 300w, https:\/\/qazan.cloud\/wp-content\/uploads\/2021\/05\/vps.jpg 810w\" sizes=\"auto, (max-width: 640px) 100vw, 640px\" \/>\t\t\t\t\t\t\t\t\t\t\t\t\t\t<\/div>\n\t\t\t\t\t\t<\/div>\n\t\t\t\t<\/div>\n\t\t\t\t<div class=\"elementor-element elementor-element-b1e4712 animated-slow elementor-widget-divider--view-line elementor-invisible elementor-widget elementor-widget-divider\" data-id=\"b1e4712\" data-element_type=\"widget\" data-settings=\"{&quot;_animation&quot;:&quot;fadeIn&quot;}\" data-widget_type=\"divider.default\">\n\t\t\t\t<div class=\"elementor-widget-container\">\n\t\t\t\t\t<div class=\"elementor-divider\">\n\t\t\t<span class=\"elementor-divider-separator\">\n\t\t\t\t\t\t<\/span>\n\t\t<\/div>\n\t\t\t\t<\/div>\n\t\t\t\t<\/div>\n\t\t\t\t<div class=\"elementor-element elementor-element-986b278 elementor-invisible elementor-widget elementor-widget-text-editor\" data-id=\"986b278\" data-element_type=\"widget\" data-settings=\"{&quot;motion_fx_motion_fx_scrolling&quot;:&quot;yes&quot;,&quot;motion_fx_range&quot;:&quot;page&quot;,&quot;_animation&quot;:&quot;fadeInUp&quot;,&quot;motion_fx_devices&quot;:[&quot;desktop&quot;,&quot;tablet&quot;,&quot;mobile&quot;]}\" data-widget_type=\"text-editor.default\">\n\t\t\t\t<div class=\"elementor-widget-container\">\n\t\t\t\t\t\t\t\t<div class=\"elementor-text-editor elementor-clearfix\">\n\t\t\t\t<p>Un servidor virtual privado (<strong>VPS<\/strong>, del ingl\u00e9s virtual private server) es un m\u00e9todo de particionar un servidor f\u00edsico en varios servidores virtuales (m\u00e1quinas virtuales con tareas de servidor) de tal forma que todo funcione como si se estuviese ejecutando en una \u00fanica m\u00e1quina. Cada servidor virtual es capaz de funcionar bajo su propio sistema operativo y adem\u00e1s cada servidor puede ser reiniciado de forma independiente.<\/p><p>El <strong>hosting VPS<\/strong> es uno de los servicios de alojamiento m\u00e1s populares que puedes elegir para tu sitio web. Utiliza tecnolog\u00eda de visualizaci\u00f3n para proporcionarte recursos dedicados (privados) en un servidor con m\u00faltiples usuarios.<\/p>\t\t\t\t\t<\/div>\n\t\t\t\t\t\t<\/div>\n\t\t\t\t<\/div>\n\t\t\t\t\t\t<\/div>\n\t\t\t\t\t<\/div>\n\t\t<\/div>\n\t\t\t\t\t\t\t\t<\/div>\n\t\t\t\t\t<\/div>\n\t\t<\/section>\n\t\t\t\t\t\t\t\t\t<\/div>\n\t\t\t<\/div>\n\t\t\t\t\t<\/div>\n\t\t","protected":false},"excerpt":{"rendered":"<p>\u00bfQu\u00e9 es VPS? Un servidor virtual privado (VPS, del ingl\u00e9s virtual private server) es un m\u00e9todo de particionar un servidor f\u00edsico en varios servidores virtuales (m\u00e1quinas virtuales con tareas de servidor) de tal forma que todo funcione como si se estuviese ejecutando en una \u00fanica m\u00e1quina. Cada servidor virtual es capaz de funcionar bajo su [&hellip;]<\/p>\n","protected":false},"author":1,"featured_media":0,"parent":0,"menu_order":0,"comment_status":"closed","ping_status":"closed","template":"elementor_header_footer","meta":{"footnotes":""},"class_list":["post-226","page","type-page","status-publish","hentry"],"_links":{"self":[{"href":"https:\/\/qazan.cloud\/index.php\/wp-json\/wp\/v2\/pages\/226","targetHints":{"allow":["GET"]}}],"collection":[{"href":"https:\/\/qazan.cloud\/index.php\/wp-json\/wp\/v2\/pages"}],"about":[{"href":"https:\/\/qazan.cloud\/index.php\/wp-json\/wp\/v2\/types\/page"}],"author":[{"embeddable":true,"href":"https:\/\/qazan.cloud\/index.php\/wp-json\/wp\/v2\/users\/1"}],"replies":[{"embeddable":true,"href":"https:\/\/qazan.cloud\/index.php\/wp-json\/wp\/v2\/comments?post=226"}],"version-history":[{"count":59,"href":"https:\/\/qazan.cloud\/index.php\/wp-json\/wp\/v2\/pages\/226\/revisions"}],"predecessor-version":[{"id":512,"href":"https:\/\/qazan.cloud\/index.php\/wp-json\/wp\/v2\/pages\/226\/revisions\/512"}],"wp:attachment":[{"href":"https:\/\/qazan.cloud\/index.php\/wp-json\/wp\/v2\/media?parent=226"}],"curies":[{"name":"wp","href":"https:\/\/api.w.org\/{rel}","templated":true}]}}